{"id":47732,"date":"2024-11-18T21:38:05","date_gmt":"2024-11-18T20:38:05","guid":{"rendered":"https:\/\/harlem-lifestyle.com\/?post_type=product&#038;p=47732"},"modified":"2026-02-05T09:41:26","modified_gmt":"2026-02-05T08:41:26","slug":"t-shirt-real-friends-f","status":"publish","type":"product","link":"https:\/\/harlem-lifestyle.com\/es\/producto\/t-shirt-real-friends-f\/","title":{"rendered":"Camiseta Real Friends - F"},"content":{"rendered":"<p>Esta camiseta de 190 g para mujer est\u00e1 confeccionada en algod\u00f3n peinado 100%, con cuello redondo y manga corta. Con cinta para el cuello. Tejido duradero y tacto ultrasuave.<\/p>","protected":false},"excerpt":{"rendered":"<p>Esta camiseta de mujer est\u00e1 confeccionada en algod\u00f3n 100% para el blanco u otros colores y en algod\u00f3n 90% y viscosa 10% para el gris, con cuello redondo y manga corta. Cuello con banda. Tejido resistente de 190 g de tacto ultrasuave.<\/p>\n<p>\u25aa Camiseta blanca de manga corta<br \/>\n\u25aa Cuello redondo<br \/>\n\u25aa Cuello tira de limpieza<br \/>\n\u25aa Material duradero y tacto ultrasuave.<br \/>\n\u25aa 190g\/m\u00b2<br \/>\n\u25aa Corte recto<br \/>\n\u25aa 100 % Algod\u00f3n blanco u otro algod\u00f3n peinado<br \/>\n\u25aa 90 % Algod\u00f3n 10 % Viscosa en gris<br \/>\n\u25aa impreso amigos reales enviar desnudos<\/p>","protected":false},"featured_media":47713,"template":"","meta":[],"product_brand":[],"product_cat":[426,420,96,97],"product_tag":[],"class_list":{"0":"post-47732","1":"product","2":"type-product","3":"status-publish","4":"has-post-thumbnail","6":"product_cat-slodes-femme","7":"product_cat-new-arrivals","8":"product_cat-femme","9":"product_cat-t-shirts-col-rond-femme","11":"first","12":"instock","13":"sale","14":"featured","15":"shipping-taxable","16":"purchasable","17":"product-type-variable"},"_links":{"self":[{"href":"https:\/\/harlem-lifestyle.com\/es\/wp-json\/wp\/v2\/product\/47732","targetHints":{"allow":["GET"]}}],"collection":[{"href":"https:\/\/harlem-lifestyle.com\/es\/wp-json\/wp\/v2\/product"}],"about":[{"href":"https:\/\/harlem-lifestyle.com\/es\/wp-json\/wp\/v2\/types\/product"}],"wp:featuredmedia":[{"embeddable":true,"href":"https:\/\/harlem-lifestyle.com\/es\/wp-json\/wp\/v2\/media\/47713"}],"wp:attachment":[{"href":"https:\/\/harlem-lifestyle.com\/es\/wp-json\/wp\/v2\/media?parent=47732"}],"wp:term":[{"taxonomy":"product_brand","embeddable":true,"href":"https:\/\/harlem-lifestyle.com\/es\/wp-json\/wp\/v2\/product_brand?post=47732"},{"taxonomy":"product_cat","embeddable":true,"href":"https:\/\/harlem-lifestyle.com\/es\/wp-json\/wp\/v2\/product_cat?post=47732"},{"taxonomy":"product_tag","embeddable":true,"href":"https:\/\/harlem-lifestyle.com\/es\/wp-json\/wp\/v2\/product_tag?post=47732"}],"curies":[{"name":"wp","href":"https:\/\/api.w.org\/{rel}","templated":true}]}}