{"id":49531,"date":"2025-04-12T15:33:25","date_gmt":"2025-04-12T13:33:25","guid":{"rendered":"https:\/\/harlem-lifestyle.com\/?post_type=product&#038;p=49531"},"modified":"2026-03-01T20:27:01","modified_gmt":"2026-03-01T19:27:01","slug":"t-shirt-logo-harlem-h","status":"publish","type":"product","link":"https:\/\/harlem-lifestyle.com\/es\/producto\/camiseta-harlem-h-logo\/","title":{"rendered":"Camiseta Harlem Logo - H"},"content":{"rendered":"<p>Ce T-shirt homme de 190g est fabriqu\u00e9 en 100% coton peign\u00e9, avec un col rond et des manches courtes. Bande de propret\u00e9 au col. Mati\u00e8re r\u00e9sistante et toucher ultra-doux. L&rsquo;impression repr\u00e9sente le logo Harlem Lifestyle.<\/p>","protected":false},"excerpt":{"rendered":"<p>Esta camiseta de hombre est\u00e1 confeccionada en algod\u00f3n 100% para el blanco u otros colores y en algod\u00f3n 90% y viscosa 10% para el gris, con cuello redondo y manga corta. Cuello con banda. Tejido resistente de 190 g de tacto ultrasuave.<\/p>\n<p>\u25aa Camiseta blanca de manga corta<br \/>\n\u25aa Cuello redondo<br \/>\n\u25aa Cuello tira de limpieza<br \/>\n\u25aa Material duradero y tacto ultrasuave.<br \/>\n\u25aa 190g\/m\u00b2<br \/>\n\u25aa Corte recto<br \/>\n\u25aa 100 % Algod\u00f3n blanco u otro algod\u00f3n peinado<br \/>\n\u25aa 90 % Algod\u00f3n 10 % Viscosa en gris<br \/>\n\u25aa Estampa del estilo de vida de Harlem<\/p>","protected":false},"featured_media":49528,"template":"","meta":[],"product_brand":[],"product_cat":[92,93],"product_tag":[],"class_list":{"0":"post-49531","1":"product","2":"type-product","3":"status-publish","4":"has-post-thumbnail","6":"product_cat-homme","7":"product_cat-t-shirts-col-rond-homme","9":"first","10":"instock","11":"sale","12":"featured","13":"shipping-taxable","14":"purchasable","15":"product-type-variable"},"_links":{"self":[{"href":"https:\/\/harlem-lifestyle.com\/es\/wp-json\/wp\/v2\/product\/49531","targetHints":{"allow":["GET"]}}],"collection":[{"href":"https:\/\/harlem-lifestyle.com\/es\/wp-json\/wp\/v2\/product"}],"about":[{"href":"https:\/\/harlem-lifestyle.com\/es\/wp-json\/wp\/v2\/types\/product"}],"wp:featuredmedia":[{"embeddable":true,"href":"https:\/\/harlem-lifestyle.com\/es\/wp-json\/wp\/v2\/media\/49528"}],"wp:attachment":[{"href":"https:\/\/harlem-lifestyle.com\/es\/wp-json\/wp\/v2\/media?parent=49531"}],"wp:term":[{"taxonomy":"product_brand","embeddable":true,"href":"https:\/\/harlem-lifestyle.com\/es\/wp-json\/wp\/v2\/product_brand?post=49531"},{"taxonomy":"product_cat","embeddable":true,"href":"https:\/\/harlem-lifestyle.com\/es\/wp-json\/wp\/v2\/product_cat?post=49531"},{"taxonomy":"product_tag","embeddable":true,"href":"https:\/\/harlem-lifestyle.com\/es\/wp-json\/wp\/v2\/product_tag?post=49531"}],"curies":[{"name":"wp","href":"https:\/\/api.w.org\/{rel}","templated":true}]}}