{"id":51743,"date":"2025-11-12T21:36:31","date_gmt":"2025-11-12T20:36:31","guid":{"rendered":"https:\/\/harlem-lifestyle.com\/?post_type=product&#038;p=51743"},"modified":"2026-03-01T19:51:28","modified_gmt":"2026-03-01T18:51:28","slug":"t-shirt-die-v-f","status":"publish","type":"product","link":"https:\/\/harlem-lifestyle.com\/es\/producto\/t-shirt-die-v-f\/","title":{"rendered":"T-shirt Die &#8211; V &#8211; F"},"content":{"rendered":"<p>Ce T-shirt femme est fabriqu\u00e9 en 100% coton, avec un col V et des manches courtes. Bande de propret\u00e9 au col. Mati\u00e8re r\u00e9sistante et toucher ultra-doux. Le motif repr\u00e9sente Mickey Mouse.<\/p>","protected":false},"excerpt":{"rendered":"<p>Ce T-shirt femme est fabriqu\u00e9 en 100% coton avec un col v et des manches courtes. Bande de propret\u00e9 au col. Mati\u00e8re r\u00e9sistante et toucher ultra-doux. Sa coupe est droite.<\/p>\n<p>\u25aa Camiseta de manga corta<br \/>\n\u25aa Col V c\u00f4tel\u00e9<br \/>\n\u25aa Blanco: 100 Algod\u00f3n %<br \/>\nGris: 85% Algod\u00f3n \/ 15% Viscosa<br \/>\n\u25aa Cuello tira de limpieza<br \/>\n\u25aa Material duradero y tacto ultrasuave.<br \/>\n\u25aa Corte recto<br \/>\n\u25aa Imprim\u00e9 Mickey Mouse<\/p>","protected":false},"featured_media":51753,"template":"","meta":[],"product_brand":[],"product_cat":[96,243],"product_tag":[],"class_list":{"0":"post-51743","1":"product","2":"type-product","3":"status-publish","4":"has-post-thumbnail","6":"product_cat-femme","7":"product_cat-t-shirt-col-v","9":"first","10":"instock","11":"sale","12":"shipping-taxable","13":"product-type-variable"},"_links":{"self":[{"href":"https:\/\/harlem-lifestyle.com\/es\/wp-json\/wp\/v2\/product\/51743","targetHints":{"allow":["GET"]}}],"collection":[{"href":"https:\/\/harlem-lifestyle.com\/es\/wp-json\/wp\/v2\/product"}],"about":[{"href":"https:\/\/harlem-lifestyle.com\/es\/wp-json\/wp\/v2\/types\/product"}],"wp:featuredmedia":[{"embeddable":true,"href":"https:\/\/harlem-lifestyle.com\/es\/wp-json\/wp\/v2\/media\/51753"}],"wp:attachment":[{"href":"https:\/\/harlem-lifestyle.com\/es\/wp-json\/wp\/v2\/media?parent=51743"}],"wp:term":[{"taxonomy":"product_brand","embeddable":true,"href":"https:\/\/harlem-lifestyle.com\/es\/wp-json\/wp\/v2\/product_brand?post=51743"},{"taxonomy":"product_cat","embeddable":true,"href":"https:\/\/harlem-lifestyle.com\/es\/wp-json\/wp\/v2\/product_cat?post=51743"},{"taxonomy":"product_tag","embeddable":true,"href":"https:\/\/harlem-lifestyle.com\/es\/wp-json\/wp\/v2\/product_tag?post=51743"}],"curies":[{"name":"wp","href":"https:\/\/api.w.org\/{rel}","templated":true}]}}