{"id":8837,"date":"2017-08-13T11:29:17","date_gmt":"2017-08-13T09:29:17","guid":{"rendered":"http:\/\/harlem-lifestyle.com\/?post_type=product&#038;p=8837"},"modified":"2026-03-01T20:03:37","modified_gmt":"2026-03-01T19:03:37","slug":"t-shirt-life-is-a-biche-round-f","status":"publish","type":"product","link":"https:\/\/harlem-lifestyle.com\/es\/producto\/camiseta-life-is-a-biche-round-f\/","title":{"rendered":"La vida es una camiseta biche - F"},"content":{"rendered":"<p>Esta camiseta de mujer est\u00e1 confeccionada en algod\u00f3n 100% para el blanco u otros colores y en algod\u00f3n 90% y viscosa 10% para el gris, con cuello redondo y manga corta. Cuello con banda. Tejido resistente y tacto ultrasuave. El motivo representa que la vida es un biche<\/p>","protected":false},"excerpt":{"rendered":"<p>Esta camiseta de 190 g para mujer est\u00e1 confeccionada en algod\u00f3n 100%, con cuello redondo y manga corta. Tiene una tira de forro en el cuello. Tejido duradero con un tacto ultrasuave. Su corte ligeramente oversize te mantendr\u00e1 c\u00f3moda todo el d\u00eda.<\/p>\n<p>\u25aa Camiseta de manga corta<br \/>\n\u25aa Cuello redondo<br \/>\n\u25aa Cuello tira de limpieza<br \/>\n\u25aa Material duradero y tacto ultrasuave.<br \/>\n\u25aa Corte ligeramente sobredimensionado.<br \/>\n\u25aa 190g\/m\u00b2<br \/>\n\u25aa la vida impresa es un bichejo<\/p>","protected":false},"featured_media":35325,"template":"","meta":[],"product_brand":[],"product_cat":[96,306,97],"product_tag":[],"class_list":{"0":"post-8837","1":"product","2":"type-product","3":"status-publish","4":"has-post-thumbnail","6":"product_cat-femme","7":"product_cat-collectors-femme","8":"product_cat-t-shirts-col-rond-femme","10":"first","11":"instock","12":"sale","13":"shipping-taxable","14":"purchasable","15":"product-type-variable"},"_links":{"self":[{"href":"https:\/\/harlem-lifestyle.com\/es\/wp-json\/wp\/v2\/product\/8837","targetHints":{"allow":["GET"]}}],"collection":[{"href":"https:\/\/harlem-lifestyle.com\/es\/wp-json\/wp\/v2\/product"}],"about":[{"href":"https:\/\/harlem-lifestyle.com\/es\/wp-json\/wp\/v2\/types\/product"}],"wp:featuredmedia":[{"embeddable":true,"href":"https:\/\/harlem-lifestyle.com\/es\/wp-json\/wp\/v2\/media\/35325"}],"wp:attachment":[{"href":"https:\/\/harlem-lifestyle.com\/es\/wp-json\/wp\/v2\/media?parent=8837"}],"wp:term":[{"taxonomy":"product_brand","embeddable":true,"href":"https:\/\/harlem-lifestyle.com\/es\/wp-json\/wp\/v2\/product_brand?post=8837"},{"taxonomy":"product_cat","embeddable":true,"href":"https:\/\/harlem-lifestyle.com\/es\/wp-json\/wp\/v2\/product_cat?post=8837"},{"taxonomy":"product_tag","embeddable":true,"href":"https:\/\/harlem-lifestyle.com\/es\/wp-json\/wp\/v2\/product_tag?post=8837"}],"curies":[{"name":"wp","href":"https:\/\/api.w.org\/{rel}","templated":true}]}}