{"id":42,"date":"2011-08-01T13:15:33","date_gmt":"2011-08-01T11:15:33","guid":{"rendered":"http:\/\/harlem-lifestyle.com\/?page_id=42"},"modified":"2024-01-21T15:15:37","modified_gmt":"2024-01-21T14:15:37","slug":"pagamento-sicuro","status":"publish","type":"page","link":"https:\/\/harlem-lifestyle.com\/it\/pagamento-sicuro\/","title":{"rendered":"Pagamenti sicuri"},"content":{"rendered":"<h3>Pagamento online sicuro con carta di credito <em>Payplug<\/em> o <em>Paypal<\/em><\/h3>\n<p>Con questa soluzione, l'ordine viene elaborato immediatamente. Le carte accettate sono: CB, Visa, MasterCard. Il pagamento \u00e8 completamente sicuro e non abbiamo accesso a nessuna delle vostre coordinate bancarie, che saranno trasmesse in modo criptato solo al modulo di pagamento Payplug o PayPal e solo per la transazione.<\/p>\n<p>Mettiamo a vostra disposizione un sistema di pagamento su un server sicuro (certificato PCI-DSS), che garantisce la riservatezza delle informazioni mediante procedure di protezione e crittografia.<\/p>\n<p>Il numero della carta di credito non passa in chiaro attraverso la rete, ma viene sistematicamente crittografato. Questo numero non viene memorizzato sui nostri server.<\/p>\n<h3>Per saperne di pi\u00f9\u00a0<strong><em>Payplug<\/em><\/strong><\/h3>\n<p>Natixis est devenu l&rsquo;actionnaire majoritaire de PayPlug en avril 2017.<\/p>\n<p>Informazioni su Natixis Payments :<\/p>\n<p>In qualit\u00e0 di operatore nel settore della tecnologia dei pagamenti, Natixis Payments offre soluzioni personalizzate e orientate all'utente al settore retail, alle aziende, alle PMI, alle autorit\u00e0 pubbliche, alle associazioni, alle istituzioni finanziarie, alle fintech e ai privati in Europa.<\/p>\n<p>Filiale du Groupe BPCE, Natixis Payments s&rsquo;appuie \u00e0 la fois sur un socle technologique robuste, sur ses fintechs et ses \u00e9quipes d&rsquo;experts pour d\u00e9velopper une gamme compl\u00e8te de solutions, en interne et avec des partenaires soigneusement s\u00e9lectionn\u00e9s. Elle intervient sur l&rsquo;ensemble de la cha\u00eene de valeur des paiements, de l&rsquo;\u00e9mission \u00e0 l&rsquo;acquisition, de l&rsquo;e-paiement aux portemonnaies \u00e9lectroniques, en passant par les cartes pr\u00e9pay\u00e9es.<\/p>\n<p>Prima a gestire Apple Pay, Samsung Pay e i pagamenti istantanei in Francia e principale emittente di carte Visa nell'Europa continentale, Natixis Payments gestisce 23 milioni di carte e oltre 8 miliardi di transazioni all'anno.<\/p>\n<h3>Pagamento con il vostro conto\u00a0<strong><em>PayPal<\/em><\/strong>\u00a0direttamente<\/h3>\n<p>Con questa soluzione, l'ordine viene elaborato immediatamente. Il pagamento viene effettuato in modo sicuro collegandosi direttamente al vostro conto PayPal abituale. Non dovrete fornire i dati della vostra carta di credito.<\/p>\n<h3>Per saperne di pi\u00f9\u00a0<strong><em>PayPal<\/em><\/strong><\/h3>\n<p>Il leader indiscusso dei pagamenti online,\u00a0<strong><em>PayPal<\/em><\/strong>\u00a0consente ad acquirenti e venditori di inviare e ricevere pagamenti online. PayPal ha pi\u00f9 di 100 milioni di conti in 190 paesi e regioni del mondo.<\/p>\n<p>\u00c8 accettato da tutti gli esercenti e aiuta a proteggere i dati della carta di credito con i migliori sistemi di sicurezza e prevenzione delle frodi sul mercato.\u00a0<strong>Quando si utilizza PayPal, le informazioni finanziarie non vengono mai condivise con il commerciante.<\/strong>. Effettuare acquisti o inviare pagamenti con\u00a0<strong><em>PayPal<\/em><\/strong>\u00a0\u00e8 gratuito. Acquistate e pagate in tutta tranquillit\u00e0.\u00a0<strong><em>PayPal<\/em><\/strong>\u00a0\u00e8 accettato da milioni di commercianti in tutto il mondo ed \u00e8 il metodo di pagamento pi\u00f9 utilizzato su eBay.<\/p>","protected":false},"excerpt":{"rendered":"<p>Pagamento online sicuro con carta di credito tramite Payplug o Paypal Con questa soluzione, l'ordine viene elaborato immediatamente. Il<\/p>","protected":false},"author":2,"featured_media":0,"parent":0,"menu_order":21,"comment_status":"closed","ping_status":"closed","template":"","meta":{"footnotes":""},"class_list":["post-42","page","type-page","status-publish","hentry"],"_links":{"self":[{"href":"https:\/\/harlem-lifestyle.com\/it\/wp-json\/wp\/v2\/pages\/42","targetHints":{"allow":["GET"]}}],"collection":[{"href":"https:\/\/harlem-lifestyle.com\/it\/wp-json\/wp\/v2\/pages"}],"about":[{"href":"https:\/\/harlem-lifestyle.com\/it\/wp-json\/wp\/v2\/types\/page"}],"author":[{"embeddable":true,"href":"https:\/\/harlem-lifestyle.com\/it\/wp-json\/wp\/v2\/users\/2"}],"replies":[{"embeddable":true,"href":"https:\/\/harlem-lifestyle.com\/it\/wp-json\/wp\/v2\/comments?post=42"}],"version-history":[{"count":1,"href":"https:\/\/harlem-lifestyle.com\/it\/wp-json\/wp\/v2\/pages\/42\/revisions"}],"predecessor-version":[{"id":40221,"href":"https:\/\/harlem-lifestyle.com\/it\/wp-json\/wp\/v2\/pages\/42\/revisions\/40221"}],"wp:attachment":[{"href":"https:\/\/harlem-lifestyle.com\/it\/wp-json\/wp\/v2\/media?parent=42"}],"curies":[{"name":"wp","href":"https:\/\/api.w.org\/{rel}","templated":true}]}}