{"id":5499,"date":"2014-03-02T09:30:53","date_gmt":"2014-03-02T08:30:53","guid":{"rendered":"http:\/\/harlem-lifestyle.com\/?page_id=5499"},"modified":"2026-02-04T17:47:30","modified_gmt":"2026-02-04T16:47:30","slug":"consegna-e-restituzione","status":"publish","type":"page","link":"https:\/\/harlem-lifestyle.com\/it\/consegna-e-restituzione\/","title":{"rendered":"Consegna e restituzione"},"content":{"rendered":"<h2 style=\"text-align: center;\">CONSEGNA<\/h2>\n<ul>\n<li>\n<h4>Consegna<strong> <span style=\"text-decoration: underline;\">Francia<\/span><\/strong> : 4,99<strong>\u00a0euro<\/strong> en Lockers ou Point relais et 6,99 euros \u00e0 domicile par Mondial relay * <span style=\"color: #ff00ff;\"><strong>Gratuito da 60 euro<\/strong><\/span>.<\/h4>\n<\/li>\n<li>\n<h4>Consegna <strong><span style=\"text-decoration: underline;\">Europa<\/span><\/strong> : 4,99<strong>\u00a0euro<\/strong> en Lockers ou Point relais et 6,99 euros \u00e0 domicile par Mondial relay ou par voie postale * <span style=\"color: #ff00ff;\"><strong>Gratuito da 60 euro<\/strong><\/span>.<\/h4>\n<\/li>\n<li>\n<h4>Resto del <strong><span style=\"text-decoration: underline;\">mondo<\/span><\/strong> : 11,99<strong>\u00a0euro<\/strong> per posta * <span style=\"color: #ff00ff;\"><strong>Gratuito da 60 euro<\/strong><\/span>.<\/h4>\n<\/li>\n<\/ul>\n<p>Una volta che il pagamento \u00e8 stato accettato,\u00a0<strong>il pacco viene poi spedito<\/strong>\u00a0<strong>par Mondial relay ou La Poste sous forme de Courrier Suivi ou de Colissimo<\/strong> en fonction de la destination <strong>entro 24-48 ore<\/strong> (hors week-end et jours f\u00e9ri\u00e9s). Apr\u00e8s chaque envoi, vous recevrez un mail de notification avec votre num\u00e9ro de suivi vous permettant de tracker votre commande. Les d\u00e9lais\u00a0 de Mondial relay ou postaux en France m\u00e9tropolitaine sont de 3 \u00e0 5 jours ouvr\u00e9s heures hors weekend et jours f\u00e9ri\u00e9s. Pour les envois Hors France, il faut compter \u00a0entre 3 et 10 jours ouvr\u00e9s.<\/p>\n<p>Les d\u00e9lais sont indiqu\u00e9s \u00e0 titre indicatif, certaines livraisons n\u00e9cessitent plus de temps de pr\u00e9paration suite \u00e0 l\u2019attente d\u2019un r\u00e9assort de tailles par exemple ou d&rsquo;un rallongement du d\u00e9lai de livraison d\u00fb \u00e0 des difficult\u00e9s incombant aux transporteurs.<\/p>\n<hr \/>\n<hr \/>\n<p style=\"text-align: left;\">Nous informons notre client\u00e8le qu&rsquo;un colis suivi dont La Poste indique un tracking \u00e0 l&rsquo;\u00e9tat livr\u00e9 est consid\u00e9r\u00e9 comme tel d&rsquo;un point de vue l\u00e9gal.<\/p>\n<hr \/>\n<hr \/>\n<h2 style=\"text-align: center;\">SCAMBIO<\/h2>\n<p>A compter de la r\u00e9ception des produits, le consommateur dispose d\u2019un d\u00e9lai l\u00e9gal de 14 (quatorze) jours pour demander un \u00e9change. Pour exercer ce droit, le consommateur doit adresser un email pr\u00e9cisant son num\u00e9ro de commande, le ou les articles concern\u00e9(s) par l&rsquo;\u00e9change, le ou les article(s) souhait\u00e9s en \u00e9change et les raisons de la demande d&rsquo;\u00e9change au service client \u00e0 l&rsquo;adresse email suivante : contact@harlem-lifestyle.com . Un produit ne peut \u00eatre \u00e9chang\u00e9 que contre un autre article au prix de vente non-remis\u00e9 inf\u00e9rieur ou \u00e9gal ou produit initialement command\u00e9.<\/p>\n<p>Il consumatore dovr\u00e0 restituire al venditore i prodotti da sostituire senza indebiti ritardi:<\/p>\n<p><strong><em>STILE DI VITA DI HARLEM<br \/>\n<\/em>47 avenue Pierre Ziller<\/strong><br \/>\n<strong> 06700 Saint Laurent du Var<br \/>\nFRANCIA<\/strong><\/p>\n<p>I costi diretti della restituzione dei beni sono a carico del consumatore. Il consumatore deve restituire la merce al venditore senza indebiti ritardi. I rischi associati alla restituzione di un prodotto sono a carico del consumatore. \u00c8 responsabilit\u00e0 del consumatore adottare tutte le misure necessarie per garantire la sicurezza della restituzione (imballaggio, protezione). Nel caso di resi non firmati e non ricevuti dal venditore, \u00e8 responsabilit\u00e0 del consumatore fornire la prova del ricevimento del prodotto.<\/p>\n<p>Senza questa prova, non sar\u00e0 possibile effettuare alcun cambio. Non sar\u00e0 effettuato alcun cambio se il prodotto restituito non \u00e8 arrivato presso la sede del venditore.<br \/>\nPer questo motivo, consigliamo vivamente a tutti i consumatori che desiderano effettuare un cambio di richiedere una spedizione raccomandata con dichiarazione del valore del prodotto e assicurazione, e una consegna contro firma.<\/p>\n<hr \/>\n<hr \/>\n<h2 style=\"text-align: center;\">RITORNO<\/h2>\n<p>A partire dalla data di ricevimento dei prodotti, il consumatore dispone di un periodo di ripensamento legale di 14 (quattordici) giorni senza dover fornire alcuna giustificazione.<\/p>\n<p>Il cliente sar\u00e0 responsabile solo dei costi diretti della restituzione della merce. Il metodo di rimborso sar\u00e0 lo stesso utilizzato per la transazione iniziale.<br \/>\nPour exercer ce droit, le consommateur doit\u00a0adresser un email pr\u00e9cisant son num\u00e9ro de commande, les articles concern\u00e9s par le retour, et les raisons du retour\u00a0au service client \u00e0 l&rsquo;adresse email suivante : contact@harlem-lifestyle.com<\/p>\n<p>Il consumatore dovr\u00e0 restituire i prodotti al venditore senza indebiti ritardi:<\/p>\n<p><strong><em>STILE DI VITA DI HARLEM<br \/>\n<\/em>47 avenue Pierre Ziller<\/strong><br \/>\n<strong> 06700 Saint Laurent du Var<\/strong><\/p>\n<p>Il consumatore sar\u00e0 rimborsato entro 7-10 giorni dal ricevimento dei prodotti, a condizione che questi siano arrivati presso la sede del venditore nella loro confezione originale, completi, in perfetto stato, non indossati, non lavati e accompagnati dalla fattura originale. Una restituzione che dimostri che uno di questi criteri non \u00e8 stato rispettato non sar\u00e0 accettata e il prodotto sar\u00e0 restituito al consumatore.<\/p>\n<p>I rischi connessi alla restituzione di un prodotto sono a carico del consumatore. \u00c8 responsabilit\u00e0 del consumatore adottare tutte le misure necessarie per garantire la sicurezza della restituzione (imballaggio, protezione). In caso di restituzione non firmata e non ricevuta dal venditore, \u00e8 responsabilit\u00e0 del consumatore fornire la prova di ricezione del prodotto.<br \/>\nSenza questa prova, non sar\u00e0 possibile effettuare alcun rimborso. Non sar\u00e0 effettuato alcun rimborso se il prodotto restituito non \u00e8 arrivato presso la sede del venditore.<br \/>\nPer questo motivo consigliamo vivamente a tutti i consumatori che desiderano effettuare un reso di richiedere una spedizione raccomandata con dichiarazione del valore del prodotto e dell'assicurazione, e una consegna con firma.<\/p>","protected":false},"excerpt":{"rendered":"<p>LIVRAISON Livraison France : 4,99\u00a0euros en Lockers ou Point relais et 6,99 euros \u00e0 domicile par Mondial relay * Offerte<\/p>","protected":false},"author":2,"featured_media":0,"parent":0,"menu_order":14,"comment_status":"closed","ping_status":"closed","template":"","meta":{"footnotes":""},"class_list":["post-5499","page","type-page","status-publish","hentry"],"_links":{"self":[{"href":"https:\/\/harlem-lifestyle.com\/it\/wp-json\/wp\/v2\/pages\/5499","targetHints":{"allow":["GET"]}}],"collection":[{"href":"https:\/\/harlem-lifestyle.com\/it\/wp-json\/wp\/v2\/pages"}],"about":[{"href":"https:\/\/harlem-lifestyle.com\/it\/wp-json\/wp\/v2\/types\/page"}],"author":[{"embeddable":true,"href":"https:\/\/harlem-lifestyle.com\/it\/wp-json\/wp\/v2\/users\/2"}],"replies":[{"embeddable":true,"href":"https:\/\/harlem-lifestyle.com\/it\/wp-json\/wp\/v2\/comments?post=5499"}],"version-history":[{"count":10,"href":"https:\/\/harlem-lifestyle.com\/it\/wp-json\/wp\/v2\/pages\/5499\/revisions"}],"predecessor-version":[{"id":53769,"href":"https:\/\/harlem-lifestyle.com\/it\/wp-json\/wp\/v2\/pages\/5499\/revisions\/53769"}],"wp:attachment":[{"href":"https:\/\/harlem-lifestyle.com\/it\/wp-json\/wp\/v2\/media?parent=5499"}],"curies":[{"name":"wp","href":"https:\/\/api.w.org\/{rel}","templated":true}]}}