{"id":55,"date":"2011-08-01T16:15:34","date_gmt":"2011-08-01T14:15:34","guid":{"rendered":"http:\/\/harlem-lifestyle.com\/shopping-cart\/"},"modified":"2017-08-12T13:06:25","modified_gmt":"2017-08-12T11:06:25","slug":"cestino","status":"publish","type":"page","link":"https:\/\/harlem-lifestyle.com\/it\/cestino\/","title":{"rendered":"Cestino"},"content":{"rendered":"<div class=\"woocommerce\"><div class=\"woocommerce-notices-wrapper\"><\/div><div class=\"wc-empty-cart-message\">\n\t<div class=\"cart-empty woocommerce-info\" role=\"status\">\n\t\tIl tuo carrello \u00e8 vuoto.\t<\/div>\n<\/div>\t\t<h2 class=\"cart-empty wd-empty-block-title wc-empty-cart-message\">\n\t\t\tIl tuo carrello \u00e8 vuoto.\t\t<\/h2>\n\t\t\t\t\t\t<p class=\"wd-empty-block-text\">\n\t\t\t\tIl tuo carrello \u00e8 vuoto!\t\t\t\t<\/p>\n\t\t\t\t<p class=\"return-to-shop\">\n\t\t<a class=\"button wc-backward\" href=\"https:\/\/harlem-lifestyle.com\/it\/\">\n\t\t\tRitorna al negozio\t\t<\/a>\n\t<\/p>\n<\/div>","protected":false},"excerpt":{"rendered":"Il tuo carrello \u00e8 vuoto. Il tuo carrello \u00e8 vuoto. Il tuo carrello \u00e8 vuoto! Ritorna al","protected":false},"author":2,"featured_media":0,"parent":0,"menu_order":18,"comment_status":"closed","ping_status":"closed","template":"","meta":{"footnotes":""},"class_list":["post-55","page","type-page","status-publish","hentry"],"_links":{"self":[{"href":"https:\/\/harlem-lifestyle.com\/it\/wp-json\/wp\/v2\/pages\/55","targetHints":{"allow":["GET"]}}],"collection":[{"href":"https:\/\/harlem-lifestyle.com\/it\/wp-json\/wp\/v2\/pages"}],"about":[{"href":"https:\/\/harlem-lifestyle.com\/it\/wp-json\/wp\/v2\/types\/page"}],"author":[{"embeddable":true,"href":"https:\/\/harlem-lifestyle.com\/it\/wp-json\/wp\/v2\/users\/2"}],"replies":[{"embeddable":true,"href":"https:\/\/harlem-lifestyle.com\/it\/wp-json\/wp\/v2\/comments?post=55"}],"version-history":[{"count":0,"href":"https:\/\/harlem-lifestyle.com\/it\/wp-json\/wp\/v2\/pages\/55\/revisions"}],"wp:attachment":[{"href":"https:\/\/harlem-lifestyle.com\/it\/wp-json\/wp\/v2\/media?parent=55"}],"curies":[{"name":"wp","href":"https:\/\/api.w.org\/{rel}","templated":true}]}}