{"id":11494,"date":"2018-04-17T19:32:20","date_gmt":"2018-04-17T17:32:20","guid":{"rendered":"http:\/\/harlem-lifestyle.com\/?post_type=product&#038;p=11494"},"modified":"2025-08-29T22:54:46","modified_gmt":"2025-08-29T20:54:46","slug":"t-shirt-attachiante-round-f","status":"publish","type":"product","link":"https:\/\/harlem-lifestyle.com\/it\/prodotto\/t-shirt-attachiante-round-f\/","title":{"rendered":"Maglietta Attachiante - F"},"content":{"rendered":"<p>Ce T-shirt femme est fabriqu\u00e9 en 100% coton, avec un col rond et des manches courtes. Bande de propret\u00e9 au col. Mati\u00e8re r\u00e9sistante et toucher ultra-doux. Le motif repr\u00e9sente le jeu de mot attachiante.<\/p>","protected":false},"excerpt":{"rendered":"<p>Questa T-shirt da donna da 190 g \u00e8 realizzata in cotone 100%, con scollo rotondo e maniche corte. Presenta una striscia di fodera sul colletto. Tessuto resistente e morbidissimo al tatto. Il suo taglio leggermente oversize vi far\u00e0 stare comode tutto il giorno.<\/p>\n<p>Maglietta a maniche corte<br \/>\nCollo rotondo<br \/>\nStriscia di pulizia del collare<br \/>\nMateriale resistente e sensazione di estrema morbidezza<br \/>\nTaglio leggermente oversize<br \/>\n190g\/m\u00b2<br \/>\n\u25aa imprim\u00e9 attachiante<\/p>","protected":false},"featured_media":30800,"template":"","meta":[],"product_brand":[],"product_cat":[256],"product_tag":[],"class_list":{"0":"post-11494","1":"product","2":"type-product","3":"status-publish","4":"has-post-thumbnail","6":"product_cat-accessories","8":"first","9":"instock","10":"sale","11":"featured","12":"shipping-taxable","13":"product-type-variable"},"_links":{"self":[{"href":"https:\/\/harlem-lifestyle.com\/it\/wp-json\/wp\/v2\/product\/11494","targetHints":{"allow":["GET"]}}],"collection":[{"href":"https:\/\/harlem-lifestyle.com\/it\/wp-json\/wp\/v2\/product"}],"about":[{"href":"https:\/\/harlem-lifestyle.com\/it\/wp-json\/wp\/v2\/types\/product"}],"wp:featuredmedia":[{"embeddable":true,"href":"https:\/\/harlem-lifestyle.com\/it\/wp-json\/wp\/v2\/media\/30800"}],"wp:attachment":[{"href":"https:\/\/harlem-lifestyle.com\/it\/wp-json\/wp\/v2\/media?parent=11494"}],"wp:term":[{"taxonomy":"product_brand","embeddable":true,"href":"https:\/\/harlem-lifestyle.com\/it\/wp-json\/wp\/v2\/product_brand?post=11494"},{"taxonomy":"product_cat","embeddable":true,"href":"https:\/\/harlem-lifestyle.com\/it\/wp-json\/wp\/v2\/product_cat?post=11494"},{"taxonomy":"product_tag","embeddable":true,"href":"https:\/\/harlem-lifestyle.com\/it\/wp-json\/wp\/v2\/product_tag?post=11494"}],"curies":[{"name":"wp","href":"https:\/\/api.w.org\/{rel}","templated":true}]}}