{"id":33119,"date":"2021-11-06T21:56:51","date_gmt":"2021-11-06T20:56:51","guid":{"rendered":"http:\/\/harlem-lifestyle.com\/?post_type=product&#038;p=33119"},"modified":"2026-03-01T20:03:09","modified_gmt":"2026-03-01T19:03:09","slug":"t-shirt-friends-horror-round-f","status":"publish","type":"product","link":"https:\/\/harlem-lifestyle.com\/it\/prodotto\/t-shirt-friends-horror-round-f\/","title":{"rendered":"Maglietta Horror Amici - F"},"content":{"rendered":"<p>Ce T-shirt femme est fabriqu\u00e9 en 100% coton, avec un col rond et des manches courtes. Bande de propret\u00e9 au col. Mati\u00e8re r\u00e9sistante et toucher ultra-doux. Le motif repr\u00e9sente Freddy Krueger, Hannibal Lecter, Jason Voorhees du film Halloween, le clown du film \u00ab\u00a0\u00e7a\u00a0\u00bb et \u00ab\u00a0il\u00a0\u00bb est revenu.<\/p>","protected":false},"excerpt":{"rendered":"<p>Questa T-shirt da donna da 190 g \u00e8 realizzata in cotone 100%, con scollo rotondo e maniche corte. Presenta una striscia di fodera sul colletto. Tessuto resistente e morbidissimo al tatto. Il suo taglio leggermente oversize vi far\u00e0 stare comode tutto il giorno.<\/p>\n<p>Maglietta a maniche corte<br \/>\nCollo rotondo<br \/>\nStriscia di pulizia del collare<br \/>\nMateriale resistente e sensazione di estrema morbidezza<br \/>\nTaglio leggermente oversize<br \/>\n190g\/m\u00b2<br \/>\n\u25aa imprim\u00e9 Freddy Krueger, Hannibal Lecter, Jason Voorhees du film Halloween, le clown du film \u00ab\u00a0\u00e7a\u00a0\u00bb et \u00ab\u00a0il\u00a0\u00bb est revenu.<\/p>","protected":false},"featured_media":33102,"template":"","meta":[],"product_brand":[],"product_cat":[96,306,97],"product_tag":[],"class_list":{"0":"post-33119","1":"product","2":"type-product","3":"status-publish","4":"has-post-thumbnail","6":"product_cat-femme","7":"product_cat-collectors-femme","8":"product_cat-t-shirts-col-rond-femme","10":"first","11":"instock","12":"sale","13":"shipping-taxable","14":"purchasable","15":"product-type-variable"},"_links":{"self":[{"href":"https:\/\/harlem-lifestyle.com\/it\/wp-json\/wp\/v2\/product\/33119","targetHints":{"allow":["GET"]}}],"collection":[{"href":"https:\/\/harlem-lifestyle.com\/it\/wp-json\/wp\/v2\/product"}],"about":[{"href":"https:\/\/harlem-lifestyle.com\/it\/wp-json\/wp\/v2\/types\/product"}],"wp:featuredmedia":[{"embeddable":true,"href":"https:\/\/harlem-lifestyle.com\/it\/wp-json\/wp\/v2\/media\/33102"}],"wp:attachment":[{"href":"https:\/\/harlem-lifestyle.com\/it\/wp-json\/wp\/v2\/media?parent=33119"}],"wp:term":[{"taxonomy":"product_brand","embeddable":true,"href":"https:\/\/harlem-lifestyle.com\/it\/wp-json\/wp\/v2\/product_brand?post=33119"},{"taxonomy":"product_cat","embeddable":true,"href":"https:\/\/harlem-lifestyle.com\/it\/wp-json\/wp\/v2\/product_cat?post=33119"},{"taxonomy":"product_tag","embeddable":true,"href":"https:\/\/harlem-lifestyle.com\/it\/wp-json\/wp\/v2\/product_tag?post=33119"}],"curies":[{"name":"wp","href":"https:\/\/api.w.org\/{rel}","templated":true}]}}