{"id":41358,"date":"2024-03-11T14:31:15","date_gmt":"2024-03-11T13:31:15","guid":{"rendered":"https:\/\/harlem-lifestyle.com\/?post_type=product&#038;p=41358"},"modified":"2026-03-01T20:03:11","modified_gmt":"2026-03-01T19:03:11","slug":"t-shirt-fuck-off-cat-f","status":"publish","type":"product","link":"https:\/\/harlem-lifestyle.com\/it\/prodotto\/t-shirt-fuck-off-cat-f\/","title":{"rendered":"Maglietta Fuck Off Cat - F"},"content":{"rendered":"<p>Ce T-shirt femme est fabriqu\u00e9 en 100% coton, avec un col rond et des manches courtes. Bande de propret\u00e9 au col. Mati\u00e8re r\u00e9sistante et toucher ultra-doux. Le motif repr\u00e9sente l&rsquo;inscription fuck off et un chat.<\/p>","protected":false},"excerpt":{"rendered":"<p>Questa T-shirt da donna da 190 g \u00e8 realizzata in cotone 100%, con scollo rotondo e maniche corte. Presenta una striscia di fodera sul colletto. Tessuto resistente e morbidissimo al tatto. Il suo taglio leggermente oversize vi far\u00e0 stare comode tutto il giorno.<\/p>\n<p>Maglietta a maniche corte<br \/>\nCollo rotondo<br \/>\nStriscia di pulizia del collare<br \/>\nMateriale resistente e sensazione di estrema morbidezza<br \/>\nTaglio leggermente oversize<br \/>\n190g\/m\u00b2<br \/>\nFanculo alla stampa del gatto<\/p>","protected":false},"featured_media":41371,"template":"","meta":[],"product_brand":[],"product_cat":[426,96,97],"product_tag":[],"class_list":{"0":"post-41358","1":"product","2":"type-product","3":"status-publish","4":"has-post-thumbnail","6":"product_cat-slodes-femme","7":"product_cat-femme","8":"product_cat-t-shirts-col-rond-femme","10":"first","11":"instock","12":"sale","13":"shipping-taxable","14":"purchasable","15":"product-type-variable"},"_links":{"self":[{"href":"https:\/\/harlem-lifestyle.com\/it\/wp-json\/wp\/v2\/product\/41358","targetHints":{"allow":["GET"]}}],"collection":[{"href":"https:\/\/harlem-lifestyle.com\/it\/wp-json\/wp\/v2\/product"}],"about":[{"href":"https:\/\/harlem-lifestyle.com\/it\/wp-json\/wp\/v2\/types\/product"}],"wp:featuredmedia":[{"embeddable":true,"href":"https:\/\/harlem-lifestyle.com\/it\/wp-json\/wp\/v2\/media\/41371"}],"wp:attachment":[{"href":"https:\/\/harlem-lifestyle.com\/it\/wp-json\/wp\/v2\/media?parent=41358"}],"wp:term":[{"taxonomy":"product_brand","embeddable":true,"href":"https:\/\/harlem-lifestyle.com\/it\/wp-json\/wp\/v2\/product_brand?post=41358"},{"taxonomy":"product_cat","embeddable":true,"href":"https:\/\/harlem-lifestyle.com\/it\/wp-json\/wp\/v2\/product_cat?post=41358"},{"taxonomy":"product_tag","embeddable":true,"href":"https:\/\/harlem-lifestyle.com\/it\/wp-json\/wp\/v2\/product_tag?post=41358"}],"curies":[{"name":"wp","href":"https:\/\/api.w.org\/{rel}","templated":true}]}}