{"id":46145,"date":"2024-06-13T19:00:59","date_gmt":"2024-06-13T17:00:59","guid":{"rendered":"https:\/\/harlem-lifestyle.com\/?post_type=product&#038;p=46145"},"modified":"2026-03-01T20:03:56","modified_gmt":"2026-03-01T19:03:56","slug":"t-shirt-ragazza-perfetta-f","status":"publish","type":"product","link":"https:\/\/harlem-lifestyle.com\/it\/prodotto\/t-shirt-ragazza-perfetta-f\/","title":{"rendered":"Maglietta da ragazza perfetta - F"},"content":{"rendered":"<p>Ce T-shirt femme est fabriqu\u00e9 en 100% coton, avec un col rond et des manches courtes. Bande de propret\u00e9 au col. Mati\u00e8re r\u00e9sistante et toucher ultra-doux. Le motif repr\u00e9sente l&rsquo;inscription \u00ab\u00a0if you want a perfect girl, buy a barbie\u00a0\u00bb.<\/p>","protected":false},"excerpt":{"rendered":"<p>Questa T-shirt da donna da 190 g \u00e8 realizzata in cotone 100%, con scollo rotondo e maniche corte. Presenta una striscia di fodera sul colletto. Tessuto resistente e morbidissimo al tatto. Il suo taglio leggermente oversize vi far\u00e0 stare comode tutto il giorno.<\/p>\n<p>Maglietta a maniche corte<br \/>\nCollo rotondo<br \/>\nStriscia di pulizia del collare<br \/>\nMateriale resistente e sensazione di estrema morbidezza<br \/>\nTaglio leggermente oversize<br \/>\n190g\/m\u00b2<br \/>\nSe vuoi una ragazza perfetta, compra una Barbie.<\/p>","protected":false},"featured_media":46140,"template":"","meta":[],"product_brand":[],"product_cat":[96,97],"product_tag":[],"class_list":{"0":"post-46145","1":"product","2":"type-product","3":"status-publish","4":"has-post-thumbnail","6":"product_cat-femme","7":"product_cat-t-shirts-col-rond-femme","9":"first","10":"instock","11":"sale","12":"shipping-taxable","13":"purchasable","14":"product-type-variable"},"_links":{"self":[{"href":"https:\/\/harlem-lifestyle.com\/it\/wp-json\/wp\/v2\/product\/46145","targetHints":{"allow":["GET"]}}],"collection":[{"href":"https:\/\/harlem-lifestyle.com\/it\/wp-json\/wp\/v2\/product"}],"about":[{"href":"https:\/\/harlem-lifestyle.com\/it\/wp-json\/wp\/v2\/types\/product"}],"wp:featuredmedia":[{"embeddable":true,"href":"https:\/\/harlem-lifestyle.com\/it\/wp-json\/wp\/v2\/media\/46140"}],"wp:attachment":[{"href":"https:\/\/harlem-lifestyle.com\/it\/wp-json\/wp\/v2\/media?parent=46145"}],"wp:term":[{"taxonomy":"product_brand","embeddable":true,"href":"https:\/\/harlem-lifestyle.com\/it\/wp-json\/wp\/v2\/product_brand?post=46145"},{"taxonomy":"product_cat","embeddable":true,"href":"https:\/\/harlem-lifestyle.com\/it\/wp-json\/wp\/v2\/product_cat?post=46145"},{"taxonomy":"product_tag","embeddable":true,"href":"https:\/\/harlem-lifestyle.com\/it\/wp-json\/wp\/v2\/product_tag?post=46145"}],"curies":[{"name":"wp","href":"https:\/\/api.w.org\/{rel}","templated":true}]}}