{"id":47224,"date":"2024-10-23T17:00:12","date_gmt":"2024-10-23T15:00:12","guid":{"rendered":"https:\/\/harlem-lifestyle.com\/?post_type=product&#038;p=47224"},"modified":"2026-03-01T20:03:05","modified_gmt":"2026-03-01T19:03:05","slug":"t-shirt-eminem-f","status":"publish","type":"product","link":"https:\/\/harlem-lifestyle.com\/it\/prodotto\/t-shirt-eminem-f\/","title":{"rendered":"Maglietta Eminem - F"},"content":{"rendered":"<p>Ce T-shirt femme de 190g est fabriqu\u00e9 en 100% coton peign\u00e9, avec un col rond et des manches courtes. Bande de propret\u00e9 au col. Mati\u00e8re r\u00e9sistante et toucher ultra-doux. L&rsquo;imprim\u00e9 repr\u00e9sente le rappeur Eminem.<\/p>","protected":false},"excerpt":{"rendered":"<p>T-shirt da donna in cotone 100% per il bianco o altri colori e in cotone 90% e viscosa 10% per il grigio, con scollo rotondo e maniche corte. Collo a fascia. Tessuto resistente da 190 g con una sensazione di estrema morbidezza.<\/p>\n<p>Maglietta bianca a maniche corte<br \/>\nCollo rotondo<br \/>\nStriscia di pulizia del collare<br \/>\nMateriale resistente e sensazione di estrema morbidezza<br \/>\n190g\/m\u00b2<br \/>\nTaglio dritto<br \/>\n\u25aa 100 % Cotone bianco o altro cotone pettinato<br \/>\n90 % Cotone 10 % Viscosa in grigio<br \/>\nStampa Eminem<\/p>","protected":false},"featured_media":47199,"template":"","meta":[],"product_brand":[],"product_cat":[426,96,97],"product_tag":[],"class_list":{"0":"post-47224","1":"product","2":"type-product","3":"status-publish","4":"has-post-thumbnail","6":"product_cat-slodes-femme","7":"product_cat-femme","8":"product_cat-t-shirts-col-rond-femme","10":"first","11":"instock","12":"sale","13":"featured","14":"shipping-taxable","15":"purchasable","16":"product-type-variable"},"_links":{"self":[{"href":"https:\/\/harlem-lifestyle.com\/it\/wp-json\/wp\/v2\/product\/47224","targetHints":{"allow":["GET"]}}],"collection":[{"href":"https:\/\/harlem-lifestyle.com\/it\/wp-json\/wp\/v2\/product"}],"about":[{"href":"https:\/\/harlem-lifestyle.com\/it\/wp-json\/wp\/v2\/types\/product"}],"wp:featuredmedia":[{"embeddable":true,"href":"https:\/\/harlem-lifestyle.com\/it\/wp-json\/wp\/v2\/media\/47199"}],"wp:attachment":[{"href":"https:\/\/harlem-lifestyle.com\/it\/wp-json\/wp\/v2\/media?parent=47224"}],"wp:term":[{"taxonomy":"product_brand","embeddable":true,"href":"https:\/\/harlem-lifestyle.com\/it\/wp-json\/wp\/v2\/product_brand?post=47224"},{"taxonomy":"product_cat","embeddable":true,"href":"https:\/\/harlem-lifestyle.com\/it\/wp-json\/wp\/v2\/product_cat?post=47224"},{"taxonomy":"product_tag","embeddable":true,"href":"https:\/\/harlem-lifestyle.com\/it\/wp-json\/wp\/v2\/product_tag?post=47224"}],"curies":[{"name":"wp","href":"https:\/\/api.w.org\/{rel}","templated":true}]}}