{"id":49531,"date":"2025-04-12T15:33:25","date_gmt":"2025-04-12T13:33:25","guid":{"rendered":"https:\/\/harlem-lifestyle.com\/?post_type=product&#038;p=49531"},"modified":"2026-03-01T20:27:01","modified_gmt":"2026-03-01T19:27:01","slug":"t-shirt-logo-harlem-h","status":"publish","type":"product","link":"https:\/\/harlem-lifestyle.com\/it\/prodotto\/maglietta-con-logo-harlem-h\/","title":{"rendered":"Maglietta con logo Harlem - H"},"content":{"rendered":"<p>Ce T-shirt homme de 190g est fabriqu\u00e9 en 100% coton peign\u00e9, avec un col rond et des manches courtes. Bande de propret\u00e9 au col. Mati\u00e8re r\u00e9sistante et toucher ultra-doux. L&rsquo;impression repr\u00e9sente le logo Harlem Lifestyle.<\/p>","protected":false},"excerpt":{"rendered":"<p>T-shirt da uomo in cotone 100% per il bianco o altri colori e in cotone 90% e viscosa 10% per il grigio, con scollo rotondo e maniche corte. Collo a fascia. Tessuto resistente da 190 g con una sensazione di estrema morbidezza.<\/p>\n<p>Maglietta bianca a maniche corte<br \/>\nCollo rotondo<br \/>\nStriscia di pulizia del collare<br \/>\nMateriale resistente e sensazione di estrema morbidezza<br \/>\n190g\/m\u00b2<br \/>\nTaglio dritto<br \/>\n\u25aa 100 % Cotone bianco o altro cotone pettinato<br \/>\n90 % Cotone 10 % Viscosa in grigio<br \/>\nStampa Harlem Lifestyle<\/p>","protected":false},"featured_media":49528,"template":"","meta":[],"product_brand":[],"product_cat":[92,93],"product_tag":[],"class_list":{"0":"post-49531","1":"product","2":"type-product","3":"status-publish","4":"has-post-thumbnail","6":"product_cat-homme","7":"product_cat-t-shirts-col-rond-homme","9":"first","10":"instock","11":"sale","12":"featured","13":"shipping-taxable","14":"purchasable","15":"product-type-variable"},"_links":{"self":[{"href":"https:\/\/harlem-lifestyle.com\/it\/wp-json\/wp\/v2\/product\/49531","targetHints":{"allow":["GET"]}}],"collection":[{"href":"https:\/\/harlem-lifestyle.com\/it\/wp-json\/wp\/v2\/product"}],"about":[{"href":"https:\/\/harlem-lifestyle.com\/it\/wp-json\/wp\/v2\/types\/product"}],"wp:featuredmedia":[{"embeddable":true,"href":"https:\/\/harlem-lifestyle.com\/it\/wp-json\/wp\/v2\/media\/49528"}],"wp:attachment":[{"href":"https:\/\/harlem-lifestyle.com\/it\/wp-json\/wp\/v2\/media?parent=49531"}],"wp:term":[{"taxonomy":"product_brand","embeddable":true,"href":"https:\/\/harlem-lifestyle.com\/it\/wp-json\/wp\/v2\/product_brand?post=49531"},{"taxonomy":"product_cat","embeddable":true,"href":"https:\/\/harlem-lifestyle.com\/it\/wp-json\/wp\/v2\/product_cat?post=49531"},{"taxonomy":"product_tag","embeddable":true,"href":"https:\/\/harlem-lifestyle.com\/it\/wp-json\/wp\/v2\/product_tag?post=49531"}],"curies":[{"name":"wp","href":"https:\/\/api.w.org\/{rel}","templated":true}]}}