{"id":49547,"date":"2025-04-12T16:05:42","date_gmt":"2025-04-12T14:05:42","guid":{"rendered":"https:\/\/harlem-lifestyle.com\/?post_type=product&#038;p=49547"},"modified":"2026-03-01T20:03:37","modified_gmt":"2026-03-01T19:03:37","slug":"maglietta-con-logo-harlem-f","status":"publish","type":"product","link":"https:\/\/harlem-lifestyle.com\/it\/prodotto\/maglietta-con-logo-harlem-f\/","title":{"rendered":"Maglietta con logo Harlem - F"},"content":{"rendered":"<p>Ce T-shirt femme de 190g est fabriqu\u00e9 en 100% coton peign\u00e9, avec un col rond et des manches courtes. Bande de propret\u00e9 au col. Mati\u00e8re r\u00e9sistante et toucher ultra-doux. L&rsquo;impression repr\u00e9sente le logo Harlem Lifestyle.<\/p>","protected":false},"excerpt":{"rendered":"<p>T-shirt da donna in cotone 100% per il bianco o altri colori e in cotone 90% e viscosa 10% per il grigio, con scollo rotondo e maniche corte. Collo a fascia. Tessuto resistente da 190 g con una sensazione di estrema morbidezza.<\/p>\n<p>Maglietta bianca a maniche corte<br \/>\nCollo rotondo<br \/>\nStriscia di pulizia del collare<br \/>\nMateriale resistente e sensazione di estrema morbidezza<br \/>\n190g\/m\u00b2<br \/>\nTaglio dritto<br \/>\n\u25aa 100 % Cotone bianco o altro cotone pettinato<br \/>\n90 % Cotone 10 % Viscosa in grigio<br \/>\nStampa Harlem Lifestyle<\/p>","protected":false},"featured_media":49528,"template":"","meta":[],"product_brand":[],"product_cat":[96,97],"product_tag":[],"class_list":{"0":"post-49547","1":"product","2":"type-product","3":"status-publish","4":"has-post-thumbnail","6":"product_cat-femme","7":"product_cat-t-shirts-col-rond-femme","9":"first","10":"instock","11":"sale","12":"featured","13":"shipping-taxable","14":"purchasable","15":"product-type-variable"},"_links":{"self":[{"href":"https:\/\/harlem-lifestyle.com\/it\/wp-json\/wp\/v2\/product\/49547","targetHints":{"allow":["GET"]}}],"collection":[{"href":"https:\/\/harlem-lifestyle.com\/it\/wp-json\/wp\/v2\/product"}],"about":[{"href":"https:\/\/harlem-lifestyle.com\/it\/wp-json\/wp\/v2\/types\/product"}],"wp:featuredmedia":[{"embeddable":true,"href":"https:\/\/harlem-lifestyle.com\/it\/wp-json\/wp\/v2\/media\/49528"}],"wp:attachment":[{"href":"https:\/\/harlem-lifestyle.com\/it\/wp-json\/wp\/v2\/media?parent=49547"}],"wp:term":[{"taxonomy":"product_brand","embeddable":true,"href":"https:\/\/harlem-lifestyle.com\/it\/wp-json\/wp\/v2\/product_brand?post=49547"},{"taxonomy":"product_cat","embeddable":true,"href":"https:\/\/harlem-lifestyle.com\/it\/wp-json\/wp\/v2\/product_cat?post=49547"},{"taxonomy":"product_tag","embeddable":true,"href":"https:\/\/harlem-lifestyle.com\/it\/wp-json\/wp\/v2\/product_tag?post=49547"}],"curies":[{"name":"wp","href":"https:\/\/api.w.org\/{rel}","templated":true}]}}