{"id":50132,"date":"2025-06-24T18:05:58","date_gmt":"2025-06-24T16:05:58","guid":{"rendered":"https:\/\/harlem-lifestyle.com\/?post_type=product&#038;p=50132"},"modified":"2025-08-29T23:05:38","modified_gmt":"2025-08-29T21:05:38","slug":"sac-shopping-friends-2","status":"publish","type":"product","link":"https:\/\/harlem-lifestyle.com\/it\/prodotto\/borsa-shopping-friends-2\/","title":{"rendered":"Borsa shopping Friends"},"content":{"rendered":"<p>Ce grand sac shopping est tr\u00e8s pratique pour faire vos courses et pour vous accompagner durant vos sessions de shopping. Avec un grammage de 140 g\/m\u00b2, il est \u00e0 la fois l\u00e9ger et pliable tout en \u00e9tant suffisamment r\u00e9sistant pour tout ce que vous aurez \u00e0 porter. Fabriqu\u00e9 \u00e0 100% en coton, il poss\u00e8de un tissu de qualit\u00e9 et b\u00e9n\u00e9ficie d&rsquo;une tr\u00e8s bonne long\u00e9vit\u00e9. D&rsquo;une dimension de 38x42cm, ce grand sac shopping dispose d&rsquo;anses tr\u00e8s longues de 70cm pour permettre de le porter aussi bien \u00e0 la main qu&rsquo;\u00e0 l&rsquo;\u00e9paule pour un meilleur confort.<\/p>\n<p>Composizione: cotone 100%<br \/>\nManici lunghi: 70 cm<br \/>\nGrammatura: 140 g\/m\u00b2.<br \/>\nDimensioni: 38x42cm<\/p>","protected":false},"excerpt":{"rendered":"<p>Ce grand sac shopping est tr\u00e8s pratique pour faire vos courses et pour vous accompagner durant vos sessions de shopping. Avec un grammage de 140 g\/m\u00b2, il est \u00e0 la fois l\u00e9ger et pliable tout en \u00e9tant suffisamment r\u00e9sistant pour tout ce que vous aurez \u00e0 porter. Fabriqu\u00e9 \u00e0 100% en coton, il poss\u00e8de un tissu de qualit\u00e9 et b\u00e9n\u00e9ficie d&rsquo;une tr\u00e8s bonne long\u00e9vit\u00e9. D&rsquo;une dimension de 38x42cm, ce grand sac shopping dispose d&rsquo;anses tr\u00e8s longues de 70cm pour permettre de le porter aussi bien \u00e0 la main qu&rsquo;\u00e0 l&rsquo;\u00e9paule pour un meilleur confort.<\/p>\n<p>Composizione: cotone 100%<br \/>\nManici lunghi: 70 cm<br \/>\nGrammatura: 140 g\/m\u00b2.<br \/>\nDimensioni: 38x42cm<\/p>","protected":false},"featured_media":50133,"template":"","meta":[],"product_brand":[],"product_cat":[310],"product_tag":[311],"class_list":{"0":"post-50132","1":"product","2":"type-product","3":"status-publish","4":"has-post-thumbnail","6":"product_cat-sacs-shopping","7":"product_tag-sacs-shopping","9":"first","10":"instock","11":"sale","12":"purchasable","13":"product-type-simple"},"_links":{"self":[{"href":"https:\/\/harlem-lifestyle.com\/it\/wp-json\/wp\/v2\/product\/50132","targetHints":{"allow":["GET"]}}],"collection":[{"href":"https:\/\/harlem-lifestyle.com\/it\/wp-json\/wp\/v2\/product"}],"about":[{"href":"https:\/\/harlem-lifestyle.com\/it\/wp-json\/wp\/v2\/types\/product"}],"wp:featuredmedia":[{"embeddable":true,"href":"https:\/\/harlem-lifestyle.com\/it\/wp-json\/wp\/v2\/media\/50133"}],"wp:attachment":[{"href":"https:\/\/harlem-lifestyle.com\/it\/wp-json\/wp\/v2\/media?parent=50132"}],"wp:term":[{"taxonomy":"product_brand","embeddable":true,"href":"https:\/\/harlem-lifestyle.com\/it\/wp-json\/wp\/v2\/product_brand?post=50132"},{"taxonomy":"product_cat","embeddable":true,"href":"https:\/\/harlem-lifestyle.com\/it\/wp-json\/wp\/v2\/product_cat?post=50132"},{"taxonomy":"product_tag","embeddable":true,"href":"https:\/\/harlem-lifestyle.com\/it\/wp-json\/wp\/v2\/product_tag?post=50132"}],"curies":[{"name":"wp","href":"https:\/\/api.w.org\/{rel}","templated":true}]}}