{"id":51731,"date":"2025-11-12T20:43:41","date_gmt":"2025-11-12T19:43:41","guid":{"rendered":"https:\/\/harlem-lifestyle.com\/?post_type=product&#038;p=51731"},"modified":"2026-03-01T19:51:33","modified_gmt":"2026-03-01T18:51:33","slug":"t-shirt-you-talkin-to-me-v-f","status":"publish","type":"product","link":"https:\/\/harlem-lifestyle.com\/it\/prodotto\/t-shirt-you-talkin-to-me-v-f\/","title":{"rendered":"T-shirt You talkin&rsquo; to me &#8211; V &#8211; F"},"content":{"rendered":"<p>T-Shirt manches courtes et Col V avec bande de propret\u00e9 au col et aux \u00e9paules. Mati\u00e8re r\u00e9sistante et toucher ultra-doux. La coupe est droite et la mati\u00e8re est en 100% coton.<\/p>","protected":false},"excerpt":{"rendered":"<p>T-Shirt manches courtes et Col V avec bande de propret\u00e9 au col et aux \u00e9paules. Mati\u00e8re r\u00e9sistante et toucher ultra-doux. La coupe est droite et la mati\u00e8re est en 100% coton Ring-spun de 145 g.<\/p>\n<p>Maglietta bianca a maniche corte<br \/>\n\u25aa Col V c\u00f4tel\u00e9<br \/>\n\u25aa 145 g\/m\u00b2<br \/>\nFodera del collo e delle spalle<br \/>\nMateriale resistente e sensazione di estrema morbidezza<br \/>\nTaglio dritto<br \/>\nCotone 100%<br \/>\n\u25aa imprim\u00e9 Mr Bean<\/p>","protected":false},"featured_media":51742,"template":"","meta":[],"product_brand":[],"product_cat":[96,243],"product_tag":[],"class_list":{"0":"post-51731","1":"product","2":"type-product","3":"status-publish","4":"has-post-thumbnail","6":"product_cat-femme","7":"product_cat-t-shirt-col-v","9":"first","10":"instock","11":"sale","12":"shipping-taxable","13":"product-type-variable"},"_links":{"self":[{"href":"https:\/\/harlem-lifestyle.com\/it\/wp-json\/wp\/v2\/product\/51731","targetHints":{"allow":["GET"]}}],"collection":[{"href":"https:\/\/harlem-lifestyle.com\/it\/wp-json\/wp\/v2\/product"}],"about":[{"href":"https:\/\/harlem-lifestyle.com\/it\/wp-json\/wp\/v2\/types\/product"}],"wp:featuredmedia":[{"embeddable":true,"href":"https:\/\/harlem-lifestyle.com\/it\/wp-json\/wp\/v2\/media\/51742"}],"wp:attachment":[{"href":"https:\/\/harlem-lifestyle.com\/it\/wp-json\/wp\/v2\/media?parent=51731"}],"wp:term":[{"taxonomy":"product_brand","embeddable":true,"href":"https:\/\/harlem-lifestyle.com\/it\/wp-json\/wp\/v2\/product_brand?post=51731"},{"taxonomy":"product_cat","embeddable":true,"href":"https:\/\/harlem-lifestyle.com\/it\/wp-json\/wp\/v2\/product_cat?post=51731"},{"taxonomy":"product_tag","embeddable":true,"href":"https:\/\/harlem-lifestyle.com\/it\/wp-json\/wp\/v2\/product_tag?post=51731"}],"curies":[{"name":"wp","href":"https:\/\/api.w.org\/{rel}","templated":true}]}}