{"id":54616,"date":"2026-03-08T09:52:35","date_gmt":"2026-03-08T08:52:35","guid":{"rendered":"https:\/\/harlem-lifestyle.com\/?post_type=product&#038;p=54616"},"modified":"2026-03-08T09:54:15","modified_gmt":"2026-03-08T08:54:15","slug":"t-shirt-the-north-face-f","status":"publish","type":"product","link":"https:\/\/harlem-lifestyle.com\/it\/prodotto\/t-shirt-the-north-face-f\/","title":{"rendered":"T-shirt The North Face &#8211; F"},"content":{"rendered":"<p>Ce T-shirt femme est fabriqu\u00e9 en 100% coton, avec un col rond et des manches courtes. Bande de propret\u00e9 au col. Mati\u00e8re r\u00e9sistante et toucher ultra-doux. Le motif repr\u00e9sente le logo the north face avec Kim Jong Un.<\/p>","protected":false},"excerpt":{"rendered":"<p>T-shirt da donna in cotone 100% per il bianco o altri colori e in cotone 90% e viscosa 10% per il grigio, con scollo rotondo e maniche corte. Collo a fascia. Tessuto resistente da 190 g con una sensazione di estrema morbidezza.<\/p>\n<p>&#x25aa; T-Shirt blanc manches courtes<br \/>\n&#x25aa; Col Rond<br \/>\n&#x25aa; Bande de propret\u00e9 au col<br \/>\n&#x25aa; Mati\u00e8re r\u00e9sistante et toucher ultra-doux<br \/>\n&#x25aa; 190g\/m\u00b2<br \/>\n&#x25aa; Coupe droite<br \/>\n&#x25aa; 100 % Coton peign\u00e9 en blanc ou autres<br \/>\n&#x25aa; 90 % Coton 10 % Viscose en gris<br \/>\n&#x25aa; imprim\u00e9 logo the north face avec Kim Jong Un<\/p>","protected":false},"featured_media":54614,"template":"","meta":[],"product_brand":[],"product_cat":[422,96,97],"product_tag":[],"class_list":{"0":"post-54616","1":"product","2":"type-product","3":"status-publish","4":"has-post-thumbnail","6":"product_cat-new-arrivals-femme","7":"product_cat-femme","8":"product_cat-t-shirts-col-rond-femme","10":"first","11":"instock","12":"sale","13":"featured","14":"shipping-taxable","15":"purchasable","16":"product-type-variable"},"_links":{"self":[{"href":"https:\/\/harlem-lifestyle.com\/it\/wp-json\/wp\/v2\/product\/54616","targetHints":{"allow":["GET"]}}],"collection":[{"href":"https:\/\/harlem-lifestyle.com\/it\/wp-json\/wp\/v2\/product"}],"about":[{"href":"https:\/\/harlem-lifestyle.com\/it\/wp-json\/wp\/v2\/types\/product"}],"wp:featuredmedia":[{"embeddable":true,"href":"https:\/\/harlem-lifestyle.com\/it\/wp-json\/wp\/v2\/media\/54614"}],"wp:attachment":[{"href":"https:\/\/harlem-lifestyle.com\/it\/wp-json\/wp\/v2\/media?parent=54616"}],"wp:term":[{"taxonomy":"product_brand","embeddable":true,"href":"https:\/\/harlem-lifestyle.com\/it\/wp-json\/wp\/v2\/product_brand?post=54616"},{"taxonomy":"product_cat","embeddable":true,"href":"https:\/\/harlem-lifestyle.com\/it\/wp-json\/wp\/v2\/product_cat?post=54616"},{"taxonomy":"product_tag","embeddable":true,"href":"https:\/\/harlem-lifestyle.com\/it\/wp-json\/wp\/v2\/product_tag?post=54616"}],"curies":[{"name":"wp","href":"https:\/\/api.w.org\/{rel}","templated":true}]}}