{"id":8992,"date":"2017-08-13T15:20:01","date_gmt":"2017-08-13T13:20:01","guid":{"rendered":"http:\/\/harlem-lifestyle.com\/?post_type=product&#038;p=8992"},"modified":"2026-03-29T23:02:55","modified_gmt":"2026-03-29T21:02:55","slug":"sweat-bambi-f","status":"publish","type":"product","link":"https:\/\/harlem-lifestyle.com\/it\/prodotto\/maglione-bambi-f\/","title":{"rendered":"Felpa Bambi - F"},"content":{"rendered":"<p>Sweat Femme Coupe Droite 270 g\/m\u00b2, 50% Coton 50% Polyester, afin de profiter \u00e0 la fois de la r\u00e9sistance et de la douceur au quotidien. Coutures lat\u00e9rales et double surpiq\u00fbre aux emmanchures et \u00e0 l&rsquo;encolure. le motif repr\u00e9sente bambi is a son of a biche<\/p>","protected":false},"excerpt":{"rendered":"<p>270 g\/m\u00b2, 50% Cotone 50% Poliestere Felpa da donna dal taglio dritto, per godere di durata e morbidezza ogni giorno. Cuciture laterali e doppia impuntura su giromanica e scollo.<\/p>\n<p>Sudore taglio dritto<br \/>\n270 g\/m\u00b2 \u25aa<br \/>\n50% Cotone 50% Poliestere<br \/>\nCuciture laterali<br \/>\nDoppie impunture<\/p>","protected":false},"featured_media":39436,"template":"","meta":[],"product_brand":[],"product_cat":[99],"product_tag":[],"class_list":{"0":"post-8992","1":"product","2":"type-product","3":"status-publish","4":"has-post-thumbnail","6":"product_cat-sweats-femme","8":"first","9":"instock","10":"shipping-taxable","11":"purchasable","12":"product-type-variable"},"_links":{"self":[{"href":"https:\/\/harlem-lifestyle.com\/it\/wp-json\/wp\/v2\/product\/8992","targetHints":{"allow":["GET"]}}],"collection":[{"href":"https:\/\/harlem-lifestyle.com\/it\/wp-json\/wp\/v2\/product"}],"about":[{"href":"https:\/\/harlem-lifestyle.com\/it\/wp-json\/wp\/v2\/types\/product"}],"wp:featuredmedia":[{"embeddable":true,"href":"https:\/\/harlem-lifestyle.com\/it\/wp-json\/wp\/v2\/media\/39436"}],"wp:attachment":[{"href":"https:\/\/harlem-lifestyle.com\/it\/wp-json\/wp\/v2\/media?parent=8992"}],"wp:term":[{"taxonomy":"product_brand","embeddable":true,"href":"https:\/\/harlem-lifestyle.com\/it\/wp-json\/wp\/v2\/product_brand?post=8992"},{"taxonomy":"product_cat","embeddable":true,"href":"https:\/\/harlem-lifestyle.com\/it\/wp-json\/wp\/v2\/product_cat?post=8992"},{"taxonomy":"product_tag","embeddable":true,"href":"https:\/\/harlem-lifestyle.com\/it\/wp-json\/wp\/v2\/product_tag?post=8992"}],"curies":[{"name":"wp","href":"https:\/\/api.w.org\/{rel}","templated":true}]}}